{"id":6,"date":"2023-12-11T10:34:26","date_gmt":"2023-12-11T09:34:26","guid":{"rendered":"https:\/\/jeanbruneau.com\/?page_id=6"},"modified":"2024-02-22T11:11:56","modified_gmt":"2024-02-22T10:11:56","slug":"jean-bruneau-artiste-peintre","status":"publish","type":"page","link":"https:\/\/jeanbruneau.com\/en\/","title":{"rendered":"Jean Bruneau Artiste Peintre"},"content":{"rendered":"<p>[et_pb_section fb_built=\u00a0\u00bb1&Prime; _builder_version=\u00a0\u00bb4.24.1&Prime; _module_preset=\u00a0\u00bbdefault\u00a0\u00bb custom_padding=\u00a0\u00bb0px||0px||true|false\u00a0\u00bb global_colors_info=\u00a0\u00bb{}\u00a0\u00bb][et_pb_row _builder_version=\u00a0\u00bb4.24.1&Prime; _module_preset=\u00a0\u00bbdefault\u00a0\u00bb width=\u00a0\u00bb100%\u00a0\u00bb max_width=\u00a0\u00bb100%\u00a0\u00bb custom_padding=\u00a0\u00bb0px||0px||true|false\u00a0\u00bb global_colors_info=\u00a0\u00bb{}\u00a0\u00bb][et_pb_column type=\u00a0\u00bb4_4&Prime; _builder_version=\u00a0\u00bb4.23.2&Prime; _module_preset=\u00a0\u00bbdefault\u00a0\u00bb global_colors_info=\u00a0\u00bb{}\u00a0\u00bb][et_pb_gallery gallery_ids=\u00a0\u00bb1324,1328,1327,1326&Prime; fullwidth=\u00a0\u00bbon\u00a0\u00bb _builder_version=\u00a0\u00bb4.24.2&Prime; _module_preset=\u00a0\u00bbdefault\u00a0\u00bb auto=\u00a0\u00bbon\u00a0\u00bb hover_enabled=\u00a0\u00bb0&Prime; global_colors_info=\u00a0\u00bb{}\u00a0\u00bb sticky_enabled=\u00a0\u00bb0&Prime;][\/et_pb_gallery][\/et_pb_column][\/et_pb_row][et_pb_row _builder_version=\u00a0\u00bb4.24.1&Prime; _module_preset=\u00a0\u00bbdefault\u00a0\u00bb background_color=\u00a0\u00bbrgba(246,246,246,0.66)\u00a0\u00bb positioning=\u00a0\u00bbnone\u00a0\u00bb position_origin_a=\u00a0\u00bbtop_center\u00a0\u00bb position_origin_f=\u00a0\u00bbtop_center\u00a0\u00bb vertical_offset=\u00a0\u00bb5%\u00a0\u00bb horizontal_offset=\u00a0\u00bb330px\u00a0\u00bb z_index=\u00a0\u00bb500&Prime; width=\u00a0\u00bb100%\u00a0\u00bb max_width=\u00a0\u00bb100%\u00a0\u00bb custom_padding=\u00a0\u00bb3%|1%|3%|1%|true|true\u00a0\u00bb global_colors_info=\u00a0\u00bb{}\u00a0\u00bb][et_pb_column type=\u00a0\u00bb4_4&Prime; _builder_version=\u00a0\u00bb4.23.4&Prime; _module_preset=\u00a0\u00bbdefault\u00a0\u00bb global_colors_info=\u00a0\u00bb{}\u00a0\u00bb][et_pb_text _builder_version=\u00a0\u00bb4.23.4&Prime; _module_preset=\u00a0\u00bbdefault\u00a0\u00bb text_font_size=\u00a0\u00bb18px\u00a0\u00bb text_orientation=\u00a0\u00bbcenter\u00a0\u00bb global_colors_info=\u00a0\u00bb{}\u00a0\u00bb]<\/p>\n<h1>Bienvenue dans l\u2019art de Jean BRUNEAU<\/h1>\n<p>Laissez vous s\u00e9duire par l\u2019harmonie des couleurs, la pr\u00e9cision du trait, la diversit\u00e9 des sujets \u2026<\/p>\n<p>[\/et_pb_text][\/et_pb_column][\/et_pb_row][\/et_pb_section][et_pb_section fb_built=\u00a0\u00bb1&Prime; _builder_version=\u00a0\u00bb4.23.1&Prime; _module_preset=\u00a0\u00bbdefault\u00a0\u00bb global_colors_info=\u00a0\u00bb{}\u00a0\u00bb][et_pb_row column_structure=\u00a0\u00bb1_2,1_2&Prime; make_equal=\u00a0\u00bbon\u00a0\u00bb _builder_version=\u00a0\u00bb4.23.4&Prime; _module_preset=\u00a0\u00bbdefault\u00a0\u00bb global_colors_info=\u00a0\u00bb{}\u00a0\u00bb][et_pb_column type=\u00a0\u00bb1_2&Prime; module_class=\u00a0\u00bbcentrer-verticalement\u00a0\u00bb _builder_version=\u00a0\u00bb4.23.4&Prime; _module_preset=\u00a0\u00bbdefault\u00a0\u00bb global_colors_info=\u00a0\u00bb{}\u00a0\u00bb][et_pb_image src=\u00a0\u00bbhttps:\/\/jeanbruneau.com\/wp-content\/uploads\/2024\/01\/pipes_839-1800&#215;1300-1.jpg\u00a0\u00bb title_text=\u00a0\u00bbpipes_839-1800&#215;1300&Prime; _builder_version=\u00a0\u00bb4.23.4&Prime; _module_preset=\u00a0\u00bbdefault\u00a0\u00bb global_colors_info=\u00a0\u00bb{}\u00a0\u00bb][\/et_pb_image][\/et_pb_column][et_pb_column type=\u00a0\u00bb1_2&Prime; _builder_version=\u00a0\u00bb4.23.1&Prime; _module_preset=\u00a0\u00bbdefault\u00a0\u00bb global_colors_info=\u00a0\u00bb{}\u00a0\u00bb][et_pb_text _builder_version=\u00a0\u00bb4.24.1&Prime; _module_preset=\u00a0\u00bbdefault\u00a0\u00bb text_orientation=\u00a0\u00bbjustified\u00a0\u00bb custom_margin=\u00a0\u00bb||10px|||\u00a0\u00bb header_2_font_tablet=\u00a0\u00bb\u00a0\u00bb header_2_font_phone=\u00a0\u00bb\u00a0\u00bb header_2_font_last_edited=\u00a0\u00bbon|phone\u00a0\u00bb header_2_font_size_tablet=\u00a0\u00bb\u00a0\u00bb header_2_font_size_phone=\u00a0\u00bb24px\u00a0\u00bb header_2_font_size_last_edited=\u00a0\u00bbon|phone\u00a0\u00bb global_colors_info=\u00a0\u00bb{}\u00a0\u00bb]<\/p>\n<h2><strong>D\u00e9couvrir ses oeuvres<\/strong><\/h2>\n<p>Passionn\u00e9 par la repr\u00e9sentation de la vie quotidienne et des th\u00e8mes vari\u00e9s tels que la femme, l&rsquo;enfance, les chevaux et la mer, Bruneau a \u00e9galement \u00e9tendu son expression artistique \u00e0 travers des illustrations, des d\u00e9cors de th\u00e9\u00e2tre et des r\u00e9alisations pour des \u00e9v\u00e9nements culturels.<\/p>\n<p>[\/et_pb_text][et_pb_button button_url=\u00a0\u00bb@ET-DC@eyJkeW5hbWljIjp0cnVlLCJjb250ZW50IjoicG9zdF9saW5rX3VybF9wYWdlIiwic2V0dGluZ3MiOnsicG9zdF9pZCI6IjE2In19@\u00a0\u00bb button_text=\u00a0\u00bbSes oeuvres\u00a0\u00bb _builder_version=\u00a0\u00bb4.24.0&Prime; _dynamic_attributes=\u00a0\u00bbbutton_url\u00a0\u00bb _module_preset=\u00a0\u00bbdefault\u00a0\u00bb custom_margin=\u00a0\u00bb15px|||||\u00a0\u00bb global_colors_info=\u00a0\u00bb{}\u00a0\u00bb][\/et_pb_button][\/et_pb_column][\/et_pb_row][et_pb_row column_structure=\u00a0\u00bb1_2,1_2&Prime; make_equal=\u00a0\u00bbon\u00a0\u00bb _builder_version=\u00a0\u00bb4.23.4&Prime; _module_preset=\u00a0\u00bbdefault\u00a0\u00bb global_colors_info=\u00a0\u00bb{}\u00a0\u00bb][et_pb_column type=\u00a0\u00bb1_2&Prime; module_class=\u00a0\u00bbcentrer-verticalement\u00a0\u00bb _builder_version=\u00a0\u00bb4.23.4&Prime; _module_preset=\u00a0\u00bbdefault\u00a0\u00bb global_colors_info=\u00a0\u00bb{}\u00a0\u00bb][et_pb_image src=\u00a0\u00bbhttps:\/\/jeanbruneau.com\/wp-content\/uploads\/2023\/12\/bio_im1.jpg\u00a0\u00bb title_text=\u00a0\u00bbbio_im1&Prime; _builder_version=\u00a0\u00bb4.23.2&Prime; _module_preset=\u00a0\u00bbdefault\u00a0\u00bb global_colors_info=\u00a0\u00bb{}\u00a0\u00bb][\/et_pb_image][\/et_pb_column][et_pb_column type=\u00a0\u00bb1_2&Prime; _builder_version=\u00a0\u00bb4.23.1&Prime; _module_preset=\u00a0\u00bbdefault\u00a0\u00bb global_colors_info=\u00a0\u00bb{}\u00a0\u00bb][et_pb_text _builder_version=\u00a0\u00bb4.24.1&Prime; _module_preset=\u00a0\u00bbdefault\u00a0\u00bb text_orientation=\u00a0\u00bbjustified\u00a0\u00bb custom_margin=\u00a0\u00bb||10px|||\u00a0\u00bb header_2_font_size_tablet=\u00a0\u00bb\u00a0\u00bb header_2_font_size_phone=\u00a0\u00bb24px\u00a0\u00bb header_2_font_size_last_edited=\u00a0\u00bbon|phone\u00a0\u00bb global_colors_info=\u00a0\u00bb{}\u00a0\u00bb]<\/p>\n<h2><strong>Un artiste peintre Nantais<\/strong><\/h2>\n<p><strong>Jean Bruneau, artiste peintre n\u00e9 le 3 septembre 1921 \u00e0 La Baule<\/strong>, a marqu\u00e9 le monde de l&rsquo;art par son talent polyvalent. <span>Sa carri\u00e8re artistique a d\u00e9but\u00e9 avec des \u00e9tudes aux Beaux-Arts de Nantes, o\u00f9 il a rapidement remport\u00e9 des distinctions, notamment le Grand Prix de Peinture de la ville en 1942.\u00a0<\/span><span>Ses expositions r\u00e9guli\u00e8res \u00e0 la galerie Bourlaou\u00ebn de Nantes et sa participation \u00e0 des manifestations artistiques internationales ont consolid\u00e9 sa renomm\u00e9e. En 1974, une r\u00e9trospective au Mus\u00e9e des Beaux-Arts de Nantes a soulign\u00e9 son importance artistique, avec l\u2019achat par le mus\u00e9e d\u2019une de ses \u0153uvres.<\/span><\/p>\n<p>[\/et_pb_text][et_pb_button button_url=\u00a0\u00bb@ET-DC@eyJkeW5hbWljIjp0cnVlLCJjb250ZW50IjoicG9zdF9saW5rX3VybF9wYWdlIiwic2V0dGluZ3MiOnsicG9zdF9pZCI6IjE0In19@\u00a0\u00bb button_text=\u00a0\u00bbBiographie\u00a0\u00bb _builder_version=\u00a0\u00bb4.24.0&Prime; _dynamic_attributes=\u00a0\u00bbbutton_url\u00a0\u00bb _module_preset=\u00a0\u00bbdefault\u00a0\u00bb custom_margin=\u00a0\u00bb15px|||||\u00a0\u00bb global_colors_info=\u00a0\u00bb{}\u00a0\u00bb][\/et_pb_button][\/et_pb_column][\/et_pb_row][et_pb_row column_structure=\u00a0\u00bb1_2,1_2&Prime; make_equal=\u00a0\u00bbon\u00a0\u00bb _builder_version=\u00a0\u00bb4.23.4&Prime; _module_preset=\u00a0\u00bbdefault\u00a0\u00bb global_colors_info=\u00a0\u00bb{}\u00a0\u00bb][et_pb_column type=\u00a0\u00bb1_2&Prime; module_class=\u00a0\u00bbcentrer-verticalement\u00a0\u00bb _builder_version=\u00a0\u00bb4.23.4&Prime; _module_preset=\u00a0\u00bbdefault\u00a0\u00bb global_colors_info=\u00a0\u00bb{}\u00a0\u00bb][et_pb_image src=\u00a0\u00bbhttps:\/\/jeanbruneau.com\/wp-content\/uploads\/2023\/12\/Nantes_chantiers_navals_G.jpg\u00a0\u00bb title_text=\u00a0\u00bbNantes_chantiers_navals_G\u00a0\u00bb _builder_version=\u00a0\u00bb4.23.4&Prime; _module_preset=\u00a0\u00bbdefault\u00a0\u00bb global_colors_info=\u00a0\u00bb{}\u00a0\u00bb][\/et_pb_image][\/et_pb_column][et_pb_column type=\u00a0\u00bb1_2&Prime; _builder_version=\u00a0\u00bb4.23.1&Prime; _module_preset=\u00a0\u00bbdefault\u00a0\u00bb global_colors_info=\u00a0\u00bb{}\u00a0\u00bb][et_pb_text _builder_version=\u00a0\u00bb4.24.1&Prime; _module_preset=\u00a0\u00bbdefault\u00a0\u00bb text_orientation=\u00a0\u00bbjustified\u00a0\u00bb custom_margin=\u00a0\u00bb||10px|||\u00a0\u00bb header_2_font_size_tablet=\u00a0\u00bb\u00a0\u00bb header_2_font_size_phone=\u00a0\u00bb24px\u00a0\u00bb header_2_font_size_last_edited=\u00a0\u00bbon|phone\u00a0\u00bb global_colors_info=\u00a0\u00bb{}\u00a0\u00bb]<\/p>\n<h2><strong>L&rsquo;association Jean Bruneau<\/strong><\/h2>\n<p><span>L&rsquo;association \u00ab\u00a0Jean Bruneau Artiste Peintre,\u00a0\u00bb fond\u00e9e en 2013, s&rsquo;engage \u00e0 pr\u00e9server et promouvoir l&rsquo;h\u00e9ritage artistique de Jean Bruneau, d\u00e9c\u00e9d\u00e9 en 2001. Cette initiative vise \u00e0 r\u00e9v\u00e9ler des aspects m\u00e9connus de son \u0153uvre picturale, tout en mettant en lumi\u00e8re ses contributions culturelles souvent oubli\u00e9es. \u00c0 travers des expositions, \u00e9ditions, reproductions, publications, productions audio-visuelles et conf\u00e9rences, l&rsquo;association aspire \u00e0 partager la richesse de l&rsquo;art de Jean Bruneau avec le public, transcendant ainsi le passage du temps.<\/span><\/p>\n<p>[\/et_pb_text][et_pb_button button_url=\u00a0\u00bb@ET-DC@eyJkeW5hbWljIjp0cnVlLCJjb250ZW50IjoicG9zdF9saW5rX3VybF9wYWdlIiwic2V0dGluZ3MiOnsicG9zdF9pZCI6IjQwIn19@\u00a0\u00bb button_text=\u00a0\u00bbD\u00e9couvrir l&rsquo;association\u00a0\u00bb _builder_version=\u00a0\u00bb4.23.4&Prime; _dynamic_attributes=\u00a0\u00bbbutton_url\u00a0\u00bb _module_preset=\u00a0\u00bbdefault\u00a0\u00bb custom_margin=\u00a0\u00bb15px|||||\u00a0\u00bb global_colors_info=\u00a0\u00bb{}\u00a0\u00bb][\/et_pb_button][\/et_pb_column][\/et_pb_row][\/et_pb_section]<\/p>\n","protected":false},"excerpt":{"rendered":"<p>Bienvenue dans l\u2019art de Jean BRUNEAU Laissez vous s\u00e9duire par l\u2019harmonie des couleurs, la pr\u00e9cision du trait, la diversit\u00e9 des sujets \u2026D\u00e9couvrir ses oeuvres Passionn\u00e9 par la repr\u00e9sentation de la vie quotidienne et des th\u00e8mes vari\u00e9s tels que la femme, l&rsquo;enfance, les chevaux et la mer, Bruneau a \u00e9galement \u00e9tendu son expression artistique \u00e0 travers des illustrations, des d\u00e9cors de th\u00e9\u00e2tre et des r\u00e9alisations pour des \u00e9v\u00e9nements culturels.Un artiste peintre Nantais Jean Bruneau, artiste peintre n\u00e9 le 3 septembre 1921 \u00e0 La Baule, a marqu\u00e9 le monde de l&rsquo;art par son talent polyvalent. Sa carri\u00e8re artistique a d\u00e9but\u00e9 avec des \u00e9tudes aux Beaux-Arts de Nantes, o\u00f9 il a rapidement remport\u00e9 des distinctions, notamment le Grand Prix de Peinture de la ville en 1942.\u00a0Ses expositions r\u00e9guli\u00e8res \u00e0 la galerie Bourlaou\u00ebn de Nantes et sa participation \u00e0 des manifestations artistiques internationales ont consolid\u00e9 sa renomm\u00e9e. En 1974, une r\u00e9trospective au Mus\u00e9e des Beaux-Arts de Nantes a soulign\u00e9 son importance artistique, avec l\u2019achat par le mus\u00e9e d\u2019une de ses \u0153uvres.L&rsquo;association Jean Bruneau L&rsquo;association \u00ab\u00a0Jean Bruneau Artiste Peintre,\u00a0\u00bb fond\u00e9e en 2013, s&rsquo;engage \u00e0 pr\u00e9server et promouvoir l&rsquo;h\u00e9ritage artistique de Jean Bruneau, d\u00e9c\u00e9d\u00e9 en 2001. Cette initiative vise \u00e0 r\u00e9v\u00e9ler des aspects m\u00e9connus de son [&hellip;]<\/p>\n","protected":false},"author":2,"featured_media":0,"parent":0,"menu_order":0,"comment_status":"closed","ping_status":"closed","template":"","meta":{"_et_pb_use_builder":"on","_et_pb_old_content":"<!-- wp:divi\/placeholder \/-->","_et_gb_content_width":"","footnotes":""},"folder":[],"class_list":["post-6","page","type-page","status-publish","hentry"],"_links":{"self":[{"href":"https:\/\/jeanbruneau.com\/en\/wp-json\/wp\/v2\/pages\/6","targetHints":{"allow":["GET"]}}],"collection":[{"href":"https:\/\/jeanbruneau.com\/en\/wp-json\/wp\/v2\/pages"}],"about":[{"href":"https:\/\/jeanbruneau.com\/en\/wp-json\/wp\/v2\/types\/page"}],"author":[{"embeddable":true,"href":"https:\/\/jeanbruneau.com\/en\/wp-json\/wp\/v2\/users\/2"}],"replies":[{"embeddable":true,"href":"https:\/\/jeanbruneau.com\/en\/wp-json\/wp\/v2\/comments?post=6"}],"version-history":[{"count":21,"href":"https:\/\/jeanbruneau.com\/en\/wp-json\/wp\/v2\/pages\/6\/revisions"}],"predecessor-version":[{"id":1828,"href":"https:\/\/jeanbruneau.com\/en\/wp-json\/wp\/v2\/pages\/6\/revisions\/1828"}],"wp:attachment":[{"href":"https:\/\/jeanbruneau.com\/en\/wp-json\/wp\/v2\/media?parent=6"}],"wp:term":[{"taxonomy":"folder","embeddable":true,"href":"https:\/\/jeanbruneau.com\/en\/wp-json\/wp\/v2\/folder?post=6"}],"curies":[{"name":"wp","href":"https:\/\/api.w.org\/{rel}","templated":true}]}}