{"id":9,"date":"2023-12-11T10:35:12","date_gmt":"2023-12-11T09:35:12","guid":{"rendered":"https:\/\/jeanbruneau.com\/?page_id=9"},"modified":"2024-01-11T15:27:58","modified_gmt":"2024-01-11T14:27:58","slug":"mentions-legales","status":"publish","type":"page","link":"https:\/\/jeanbruneau.com\/en\/mentions-legales\/","title":{"rendered":"Mentions l\u00e9gales"},"content":{"rendered":"<p>[et_pb_section fb_built=\u00a0\u00bb1&Prime; _builder_version=\u00a0\u00bb4.22.1&Prime; _module_preset=\u00a0\u00bbdefault\u00a0\u00bb global_colors_info=\u00a0\u00bb{}\u00a0\u00bb theme_builder_area=\u00a0\u00bbpost_content\u00a0\u00bb][et_pb_row _builder_version=\u00a0\u00bb4.22.1&Prime; _module_preset=\u00a0\u00bbdefault\u00a0\u00bb global_colors_info=\u00a0\u00bb{}\u00a0\u00bb theme_builder_area=\u00a0\u00bbpost_content\u00a0\u00bb][et_pb_column type=\u00a0\u00bb4_4&Prime; _builder_version=\u00a0\u00bb4.22.1&Prime; _module_preset=\u00a0\u00bbdefault\u00a0\u00bb global_colors_info=\u00a0\u00bb{}\u00a0\u00bb theme_builder_area=\u00a0\u00bbpost_content\u00a0\u00bb][et_pb_text _builder_version=\u00a0\u00bb4.22.1&Prime; _dynamic_attributes=\u00a0\u00bbcontent\u00a0\u00bb _module_preset=\u00a0\u00bbdefault\u00a0\u00bb global_colors_info=\u00a0\u00bb{}\u00a0\u00bb theme_builder_area=\u00a0\u00bbpost_content\u00a0\u00bb]@ET-DC@eyJkeW5hbWljIjp0cnVlLCJjb250ZW50IjoicG9zdF90aXRsZSIsInNldHRpbmdzIjp7ImJlZm9yZSI6IjxoMT4iLCJhZnRlciI6IjwvaDE+In19@[\/et_pb_text][et_pb_text _builder_version=\u00a0\u00bb4.23.4&Prime; _module_preset=\u00a0\u00bbdefault\u00a0\u00bb hover_enabled=\u00a0\u00bb0&Prime; global_colors_info=\u00a0\u00bb{}\u00a0\u00bb theme_builder_area=\u00a0\u00bbpost_content\u00a0\u00bb sticky_enabled=\u00a0\u00bb0&Prime;]<\/p>\n<p>L\u2019association JEAN BRUNEAU ARTISTE PEINTRE a \u00e9t\u00e9 cr\u00e9\u00e9e le 1 ao\u00fbt 2013. Son si\u00e8ge social est domicili\u00e9 au 19 RUE DES DROITS DE L HOMME 44100 NANTES. SIREN : 829387505.\u00a0<\/p>\n<p><strong>Directeur de publication :<\/strong> Jean Michel Bruneau &#8211; <a href=\"https:\/\/jeanbruneau.com\/contact\/\">Information de contact<\/a><\/p>\n<p><strong>Conception &amp; int\u00e9gration du site :<\/strong> <a href=\"https:\/\/yandegive.fr\/\" target=\"_blank\" rel=\"noopener\">Yan Degive<\/a> Freelance Webmarketing\u00a0<\/p>\n<p>[\/et_pb_text][et_pb_text _builder_version=\u00a0\u00bb4.22.1&Prime; _module_preset=\u00a0\u00bbdefault\u00a0\u00bb global_colors_info=\u00a0\u00bb{}\u00a0\u00bb theme_builder_area=\u00a0\u00bbpost_content\u00a0\u00bb]<\/p>\n<h2>H\u00e9bergement<\/h2>\n<p>Ce site web est h\u00e9berg\u00e9 par<span>\u00a0<\/span><strong>Infomaniak<\/strong><span>\u00a0<\/span>afin d\u2019encourager l\u2019usage des \u00e9nergies renouvelables.\u00a0<\/p>\n<p><strong>INFOMANIAK NETWORK SA<\/strong><br \/>26, Avenue de la Praille \u2013 1227 Carouge \/ Gen\u00e8ve \u2013 SUISSE<br \/>T\u00e9l. : +41 22 820 35 44<br \/>Fax : +41 22 301 67 69<br \/>Email : contact@infomaniak.ch<br \/>Site internet :<span>\u00a0<a href=\"http:\/\/www.infomaniak.ch\/\" target=\"_blank\" rel=\"noopener\">www.infomaniak.ch<\/a><\/span><\/p>\n<p>[\/et_pb_text][\/et_pb_column][\/et_pb_row][\/et_pb_section]<\/p>\n","protected":false},"excerpt":{"rendered":"<p>L\u2019association JEAN BRUNEAU ARTISTE PEINTRE a \u00e9t\u00e9 cr\u00e9\u00e9e le 1 ao\u00fbt 2013. Son si\u00e8ge social est domicili\u00e9 au 19 RUE DES DROITS DE L HOMME 44100 NANTES. SIREN : 829387505.\u00a0 Directeur de publication : Jean Michel Bruneau &#8211; Information de contact Conception &amp; int\u00e9gration du site : Yan Degive Freelance Webmarketing\u00a0H\u00e9bergement Ce site web est h\u00e9berg\u00e9 par\u00a0Infomaniak\u00a0afin d\u2019encourager l\u2019usage des \u00e9nergies renouvelables.\u00a0 INFOMANIAK NETWORK SA26, Avenue de la Praille \u2013 1227 Carouge \/ Gen\u00e8ve \u2013 SUISSET\u00e9l. : +41 22 820 35 44Fax : +41 22 301 67 69Email : contact@infomaniak.chSite internet :\u00a0www.infomaniak.ch<\/p>","protected":false},"author":2,"featured_media":0,"parent":0,"menu_order":0,"comment_status":"closed","ping_status":"closed","template":"","meta":{"_et_pb_use_builder":"on","_et_pb_old_content":"<!-- wp:divi\/placeholder \/-->","_et_gb_content_width":"","footnotes":""},"folder":[],"class_list":["post-9","page","type-page","status-publish","hentry"],"_links":{"self":[{"href":"https:\/\/jeanbruneau.com\/en\/wp-json\/wp\/v2\/pages\/9","targetHints":{"allow":["GET"]}}],"collection":[{"href":"https:\/\/jeanbruneau.com\/en\/wp-json\/wp\/v2\/pages"}],"about":[{"href":"https:\/\/jeanbruneau.com\/en\/wp-json\/wp\/v2\/types\/page"}],"author":[{"embeddable":true,"href":"https:\/\/jeanbruneau.com\/en\/wp-json\/wp\/v2\/users\/2"}],"replies":[{"embeddable":true,"href":"https:\/\/jeanbruneau.com\/en\/wp-json\/wp\/v2\/comments?post=9"}],"version-history":[{"count":4,"href":"https:\/\/jeanbruneau.com\/en\/wp-json\/wp\/v2\/pages\/9\/revisions"}],"predecessor-version":[{"id":94,"href":"https:\/\/jeanbruneau.com\/en\/wp-json\/wp\/v2\/pages\/9\/revisions\/94"}],"wp:attachment":[{"href":"https:\/\/jeanbruneau.com\/en\/wp-json\/wp\/v2\/media?parent=9"}],"wp:term":[{"taxonomy":"folder","embeddable":true,"href":"https:\/\/jeanbruneau.com\/en\/wp-json\/wp\/v2\/folder?post=9"}],"curies":[{"name":"wp","href":"https:\/\/api.w.org\/{rel}","templated":true}]}}